{"id":1008,"date":"2018-08-05T09:00:27","date_gmt":"2018-08-05T07:00:27","guid":{"rendered":"https:\/\/cromatixlab.com\/contact-us\/"},"modified":"2019-09-21T19:11:33","modified_gmt":"2019-09-21T17:11:33","slug":"contact-us","status":"publish","type":"page","link":"https:\/\/cromatixlab.com\/en\/contact-us\/","title":{"rendered":"Contact Us"},"content":{"rendered":"<div data-elementor-type=\"wp-post\" data-elementor-id=\"1008\" class=\"elementor elementor-1008\">\n\t\t\t\t\t\t<div class=\"elementor-inner\">\n\t\t\t\t<div class=\"elementor-section-wrap\">\n\t\t\t\t\t\t\t\t\t<section class=\"elementor-section elementor-top-section elementor-element elementor-element-35311fe elementor-section-boxed elementor-section-height-default elementor-section-height-default\" data-id=\"35311fe\" data-element_type=\"section\">\n\t\t\t\t\t\t<div class=\"elementor-container elementor-column-gap-default\">\n\t\t\t\t\t\t\t<div class=\"elementor-row\">\n\t\t\t\t\t<div class=\"elementor-column elementor-col-100 elementor-top-column elementor-element elementor-element-d352ff4\" data-id=\"d352ff4\" data-element_type=\"column\">\n\t\t\t<div class=\"elementor-column-wrap elementor-element-populated\">\n\t\t\t\t\t\t\t<div class=\"elementor-widget-wrap\">\n\t\t\t\t\t\t<div class=\"elementor-element elementor-element-4009dd2 elementor-widget elementor-widget-google_maps\" data-id=\"4009dd2\" data-element_type=\"widget\" data-widget_type=\"google_maps.default\">\n\t\t\t\t<div class=\"elementor-widget-container\">\n\t\t\t\t\t<div class=\"elementor-custom-embed\">\n\t\t\t<iframe loading=\"lazy\"\n\t\t\t\t\tsrc=\"https:\/\/maps.google.com\/maps?q=cromatix&#038;t=m&#038;z=10&#038;output=embed&#038;iwloc=near\"\n\t\t\t\t\ttitle=\"cromatix\"\n\t\t\t\t\taria-label=\"cromatix\"\n\t\t\t><\/iframe>\n\t\t<\/div>\n\t\t\t\t<\/div>\n\t\t\t\t<\/div>\n\t\t\t\t\t\t<\/div>\n\t\t\t\t\t<\/div>\n\t\t<\/div>\n\t\t\t\t\t\t\t\t<\/div>\n\t\t\t\t\t<\/div>\n\t\t<\/section>\n\t\t\t\t<section class=\"elementor-section elementor-top-section elementor-element elementor-element-6bd59da elementor-section-boxed elementor-section-height-default elementor-section-height-default\" data-id=\"6bd59da\" data-element_type=\"section\">\n\t\t\t\t\t\t<div class=\"elementor-container elementor-column-gap-default\">\n\t\t\t\t\t\t\t<div class=\"elementor-row\">\n\t\t\t\t\t<div class=\"elementor-column elementor-col-50 elementor-top-column elementor-element elementor-element-d2054b2\" data-id=\"d2054b2\" data-element_type=\"column\">\n\t\t\t<div class=\"elementor-column-wrap\">\n\t\t\t\t\t\t\t<div class=\"elementor-widget-wrap\">\n\t\t\t\t\t\t\t\t<\/div>\n\t\t\t\t\t<\/div>\n\t\t<\/div>\n\t\t\t\t<div class=\"elementor-column elementor-col-50 elementor-top-column elementor-element elementor-element-1c55f41\" data-id=\"1c55f41\" data-element_type=\"column\">\n\t\t\t<div class=\"elementor-column-wrap\">\n\t\t\t\t\t\t\t<div class=\"elementor-widget-wrap\">\n\t\t\t\t\t\t\t\t<\/div>\n\t\t\t\t\t<\/div>\n\t\t<\/div>\n\t\t\t\t\t\t\t\t<\/div>\n\t\t\t\t\t<\/div>\n\t\t<\/section>\n\t\t\t\t\t\t\t\t\t<\/div>\n\t\t\t<\/div>\n\t\t\t\t\t<\/div>","protected":false},"excerpt":{"rendered":"<p>Cum ne po\u021bi contacta: Las\u0103-ne un contact \u0219i noi \u00een 15 minute revenim la tine cu un apel, mesaj. \u00ce\u021bi mul\u021bumim pentru interes \u0219i aten\u021bia ta. Succes! +373 60 248 444 info@cromatixlab.com Republica Moldova, mun. Chi\u0219in\u0103u, Bd. Mircea cel B\u0103tr\u00e2n, 18\/1, of. 20<\/p>","protected":false},"author":1,"featured_media":0,"parent":0,"menu_order":0,"comment_status":"closed","ping_status":"closed","template":"","meta":{"om_disable_all_campaigns":false,"_uag_custom_page_level_css":"","site-sidebar-layout":"default","site-content-layout":"default","ast-global-header-display":"","ast-main-header-display":"","ast-hfb-above-header-display":"","ast-hfb-below-header-display":"","ast-hfb-mobile-header-display":"","site-post-title":"","ast-breadcrumbs-content":"","ast-featured-img":"","footer-sml-layout":"","theme-transparent-header-meta":"","adv-header-id-meta":"","stick-header-meta":"","header-above-stick-meta":"","header-main-stick-meta":"","header-below-stick-meta":""},"aioseo_notices":[],"uagb_featured_image_src":{"full":false,"thumbnail":false,"medium":false,"medium_large":false,"large":false,"1536x1536":false,"2048x2048":false,"trp-custom-language-flag":false,"sow-carousel-default":false,"sow-blog-portfolio":false,"sow-blog-grid":false,"sow-blog-alternate":false},"uagb_author_info":{"display_name":"Cromatix","author_link":"https:\/\/cromatixlab.com\/en\/author\/iqhol1ypfx\/"},"uagb_comment_info":0,"uagb_excerpt":"Cum ne po\u021bi contacta: Las\u0103-ne un contact \u0219i noi \u00een 15 minute revenim la tine cu un apel, mesaj. \u00ce\u021bi mul\u021bumim pentru interes \u0219i aten\u021bia ta. Succes! +373 60 248 444 info@cromatixlab.com Republica Moldova, mun. Chi\u0219in\u0103u, Bd. Mircea cel B\u0103tr\u00e2n, 18\/1, of. 20","_links":{"self":[{"href":"https:\/\/cromatixlab.com\/en\/wp-json\/wp\/v2\/pages\/1008"}],"collection":[{"href":"https:\/\/cromatixlab.com\/en\/wp-json\/wp\/v2\/pages"}],"about":[{"href":"https:\/\/cromatixlab.com\/en\/wp-json\/wp\/v2\/types\/page"}],"author":[{"embeddable":true,"href":"https:\/\/cromatixlab.com\/en\/wp-json\/wp\/v2\/users\/1"}],"replies":[{"embeddable":true,"href":"https:\/\/cromatixlab.com\/en\/wp-json\/wp\/v2\/comments?post=1008"}],"version-history":[{"count":0,"href":"https:\/\/cromatixlab.com\/en\/wp-json\/wp\/v2\/pages\/1008\/revisions"}],"wp:attachment":[{"href":"https:\/\/cromatixlab.com\/en\/wp-json\/wp\/v2\/media?parent=1008"}],"curies":[{"name":"wp","href":"https:\/\/api.w.org\/{rel}","templated":true}]}}